{"id":499,"date":"2021-09-16T10:46:50","date_gmt":"2021-09-16T10:46:50","guid":{"rendered":"https:\/\/www.esterinkirja.fi\/?page_id=499"},"modified":"2021-09-16T10:54:36","modified_gmt":"2021-09-16T10:54:36","slug":"tietosuojaseloste","status":"publish","type":"page","link":"https:\/\/www.esterinkirja.fi\/index.php\/tietosuojaseloste\/","title":{"rendered":"Tietosuojaseloste"},"content":{"rendered":"\n<p>Tietosuojaseloste 16.9.2021<br>Henkil\u00f6tietolaki (523\/99) 10 ja 24 \u00a7 ja EU:n tietosuoja-asetus (GDPR)<\/p>\n\n\n\n<p>REKISTERINPIT\u00c4J\u00c4: JA REKISTERIASIOITA HOITAVA HENKIL\u00d6<br>Essi Lepp\u00e4nen | Esterin kirja | Y-tunnus 2918636-3<br>S\u00e4hk\u00f6tt\u00e4j\u00e4nkatu 4 B 46<br>00520 HELSINKI<br>ester@esterinkirja.fi<\/p>\n\n\n\n<p>REKISTERIN NIMI<br>Esterin kirjan asiakasrekisteri<\/p>\n\n\n\n<p>HENKIL\u00d6TIETOJEN K\u00c4SITTELYN TARKOITUS<br>Henkil\u00f6tietoja voidaan k\u00e4sitell\u00e4 sopimusvelvoitteiden t\u00e4ytt\u00e4miseksi ja palvelun toteuttamiseksi sek\u00e4 muuhun yhteydenpitoon rekister\u00f6idyn kanssa, asiakaspalvelussa, markkinointiviestinn\u00e4ss\u00e4, liiketoiminnan suunnittelussa, tuotekehityksess\u00e4\u0308, uutiskirjeiden l\u00e4hett\u00e4misess\u00e4 ja tiedottamisessa, verkkosivuston k\u00e4ytt\u00e4j\u00e4kokemuksen parantamisessa, palveluita koskevaan personoituun asiakaspalveluun ja mainonnan kohdentamiseen sek\u00e4\u0308 markkina- ja muiden tutkimusten ja analyysien tekemiseen.<\/p>\n\n\n\n<p>REKISTERIN K\u00c4YTT\u00d6TARKOITUS JA SIS\u00c4LT\u00d6<br>Rekisteriin ker\u00e4t\u00e4\u00e4n asiakkaan antamat tiedot, joita katsotaan tarvittavan asiakassuhteen asianmukaiseen hoitamiseen. Asiakkaiden henkil\u00f6tietoja k\u00e4ytet\u00e4\u00e4n yhteydenpitoon, laskutukseen, palveluiden tuottamiseen, tarjoamiseen ja markkinointiin. Rekisteriin tallennettavia tietoja ovat yrityksen\/organisaation nimi, henkil\u00f6n nimi, puhelinnumero, s\u00e4hk\u00f6postiosoite, postiosoite ja mahdollinen laskutusosoite.<\/p>\n\n\n\n<p>Teknisesti ker\u00e4tty\u00e4 tietoa verkkopalvelun k\u00e4yt\u00f6st\u00e4 voivat olla IP-osoite ja sijaintimaa tai -kaupunki, verkkopalvelujen k\u00e4ytt\u00f6 ja ajankohta (esim. asiakkaan kulku verkkokaupassa ja k\u00e4ynnin kellonaika) k\u00e4ytetyn laitteen tiedot, k\u00e4ytt\u00f6j\u00e4rjestelm\u00e4n tyyppi ja ohjelmistoversiot, selaimen tyyppi ja kieliasetukset, asiakaspalvelun vuorovaikutus eri palvelukanavissa sek\u00e4 ulkoiset sivustot, joista k\u00e4ytt\u00e4j\u00e4 on saapunut tai joihin k\u00e4ytt\u00e4j\u00e4 siirtyy rekisterinpit\u00e4j\u00e4n verkkopalvelusta. N\u00e4it\u00e4 tietoja k\u00e4ytet\u00e4\u00e4n yleisesti palvelun kehitt\u00e4miseen ja asiakaskokemuksen parantamiseen eik\u00e4 niit\u00e4 tavanomaisesti yhdistet\u00e4 yksitt\u00e4iseen k\u00e4ytt\u00e4j\u00e4\u00e4n.<\/p>\n\n\n\n<p>S\u00c4\u00c4NN\u00d6NMUKAISET TIETOL\u00c4HTEET<br>Rekisteriin tallennettavat tiedot saadaan asiakkaalta s\u00e4hk\u00f6postitse, puhelimitse, asiakastapaamisista ja muista tilanteista, joissa asiakas itse luovuttaa tietojaan, tai kolmansien tahojen tarjoamista analyysipalveluista kuten Google Analytics tai julkisista tietol\u00e4hteist\u00e4. Palvelun tilaaja voi poistua rekisterist\u00e4 milloin tahansa ilmoittamalla siit\u00e4 asiakaspalveluun (info@tapiolaitinen.com).<\/p>\n\n\n\n<p>HEINKIL\u00d6TIETOJEN S\u00c4ILTYSAJAT<br>Asiakkaiden tietoja s\u00e4ilytet\u00e4\u00e4n niin kauan kuin se on lakis\u00e4\u00e4teisesti pakollista. Rekisterinpit\u00e4j\u00e4ll\u00e4 on velvollisuus s\u00e4ilytt\u00e4\u00e4 kirjanpitoaineisto Kirjanpitolaissa (luku 2, 10 \u00a7) m\u00e4\u00e4ritellyn ajan (10 vuotta) mukaisesti. T\u00e4m\u00e4n vuoksi kirjanpitoon liittyv\u00e4\u00e4 aineistoa ei voida poistaa ennen m\u00e4\u00e4r\u00e4ajan umpeutumista.<\/p>\n\n\n\n<p>TIETOJEN S\u00c4\u00c4NN\u00d6NMUKAISET LUOVUTUKSET<br>Henkil\u00f6tietoja ei luovuteta ulkopuolisille tahoille markkinointi-, myynti-, mielipide- tai markkinatutkimustarkoituksiin. Luovuttaminen muihin tarkoituksiin on kuitenkin mahdollista perusteltua k\u00e4ytt\u00f6tarkoitusta varten, kuten tilitoimiston kirjatessa maksutapahtumia tai Suomen lakien mukaisesti viranomaisille niin pyydett\u00e4ess\u00e4. Henkil\u00f6tietoja ei s\u00e4\u00e4nn\u00f6nmukaisesti siirret\u00e4 EU:n tai ETA:n ulkopuolelle.<\/p>\n\n\n\n<p>REKISTERIN SUOJAUS<br>Henkil\u00f6tietoja sis\u00e4lt\u00e4v\u00e4\u00e4n rekisteriin sis\u00e4\u00e4np\u00e4\u00e4sy edellytt\u00e4\u00e4 k\u00e4ytt\u00e4j\u00e4tunnuksen ja salasanan sy\u00f6tt\u00e4mist\u00e4. Tallennettuja tietoja k\u00e4sittelee yrityksess\u00e4 vain yksi henkil\u00f6, rekisterinpit\u00e4j\u00e4. Yritys k\u00e4ytt\u00e4\u00e4 aina suojattua yhteytt\u00e4, kun k\u00e4sittelee henkil\u00f6tietoja ja yrityksen tietoliikenne on salattua. Rekisteri on asianmukaisesti suojattuna rekisterinpit\u00e4j\u00e4n tiloissa tai asianmukaisesti suojatulla palvelimella ja palvelussa, jonka tietosuojan taso on m\u00e4\u00e4r\u00e4ysten mukainen. Rekisteritiedot on suojattu organisaation ulkopuolisilta teknisill\u00e4 ratkaisuilla ja sovelluksilla. Kaikki yrityksen k\u00e4ytt\u00e4m\u00e4t laitteet (kannettavat tietokoneet, tabletit ja puhelimet) on suojattu yksil\u00f6llisill\u00e4 salasanoilla.<\/p>\n\n\n\n<p>TARKASTUSOIKEUS<br>Asiakkaalla on oikeus tarkistaa tietonsa ja oikeus pyyt\u00e4\u00e4 rekisterin yll\u00e4pit\u00e4j\u00e4\u00e4 oikaisemaan tai korjaamaan rekisteritietonsa. Tarkistus-, oikaisu- ja poistopyynn\u00f6t tulee toimittaa kirjallisesti ja allekirjoitettuna. Tarkastuspyynn\u00f6t osoitetaan rekisterinpit\u00e4j\u00e4lle yll\u00e4 olevilla yhteystiedoilla. Henkil\u00f6n on todistettava henkil\u00f6llisyytens\u00e4 pyynn\u00f6n yhteydess\u00e4.<\/p>\n\n\n\n<p>MAHDOLLISISTA TIETOSUOJARIKKOMUKSISTA ILMOITTAMINEN<br>Yritys tekee kaikkensa, ett\u00e4 asiakkaiden henkil\u00f6tiedot s\u00e4ilytet\u00e4\u00e4n turvallisesti. Mik\u00e4li kaikista ponnisteluista huolimatta tietoturvallisuutta loukataan, ilmoitetaan rikkomuksesta viipym\u00e4tt\u00e4 viranomaisille ja tarvittaessa my\u00f6s asianosaisille, jotta he voivat ryhty\u00e4 tarvittaviin toimenpiteisiin.<\/p>\n\n\n\n<p>TIETOSUOJASELOSTEEN MUUTTAMINEN<br>Yritys pid\u00e4tt\u00e4\u00e4 oikeuden p\u00e4ivitt\u00e4\u00e4 ja muuttaa t\u00e4t\u00e4 tietosuojaselostetta.<\/p>\n\n\n\n<div style=\"height:100px\" aria-hidden=\"true\" class=\"wp-block-spacer\"><\/div>\n","protected":false},"excerpt":{"rendered":"<p>Tietosuojaseloste 16.9.2021Henkil\u00f6tietolaki (523\/99) 10 ja 24 \u00a7 ja EU:n tietosuoja-asetus (GDPR) REKISTERINPIT\u00c4J\u00c4: JA REKISTERIASIOITA HOITAVA HENKIL\u00d6Essi Lepp\u00e4nen | Esterin kirja | Y-tunnus 2918636-3S\u00e4hk\u00f6tt\u00e4j\u00e4nkatu 4 B 4600520 HELSINKIester@esterinkirja.fi REKISTERIN NIMIEsterin kirjan asiakasrekisteri HENKIL\u00d6TIETOJEN K\u00c4SITTELYN TARKOITUSHenkil\u00f6tietoja voidaan k\u00e4sitell\u00e4 sopimusvelvoitteiden t\u00e4ytt\u00e4miseksi ja palvelun toteuttamiseksi sek\u00e4 muuhun yhteydenpitoon rekister\u00f6idyn kanssa, asiakaspalvelussa, markkinointiviestinn\u00e4ss\u00e4, liiketoiminnan suunnittelussa, tuotekehityksess\u00e4\u0308, uutiskirjeiden l\u00e4hett\u00e4misess\u00e4 ja tiedottamisessa, [&hellip;]<\/p>\n","protected":false},"author":1,"featured_media":0,"parent":0,"menu_order":0,"comment_status":"closed","ping_status":"closed","template":"","meta":{"site-sidebar-layout":"default","site-content-layout":"default","ast-site-content-layout":"default","site-content-style":"default","site-sidebar-style":"default","ast-global-header-display":"","ast-banner-title-visibility":"","ast-main-header-display":"","ast-hfb-above-header-display":"","ast-hfb-below-header-display":"","ast-hfb-mobile-header-display":"","site-post-title":"","ast-breadcrumbs-content":"","ast-featured-img":"","footer-sml-layout":"","ast-disable-related-posts":"","theme-transparent-header-meta":"default","adv-header-id-meta":"","stick-header-meta":"","header-above-stick-meta":"","header-main-stick-meta":"","header-below-stick-meta":"","astra-migrate-meta-layouts":"default","ast-page-background-enabled":"default","ast-page-background-meta":{"desktop":{"background-color":"","background-image":"","background-repeat":"repeat","background-position":"center center","background-size":"auto","background-attachment":"scroll","background-type":"","background-media":"","overlay-type":"","overlay-color":"","overlay-opacity":"","overlay-gradient":""},"tablet":{"background-color":"","background-image":"","background-repeat":"repeat","background-position":"center center","background-size":"auto","background-attachment":"scroll","background-type":"","background-media":"","overlay-type":"","overlay-color":"","overlay-opacity":"","overlay-gradient":""},"mobile":{"background-color":"","background-image":"","background-repeat":"repeat","background-position":"center center","background-size":"auto","background-attachment":"scroll","background-type":"","background-media":"","overlay-type":"","overlay-color":"","overlay-opacity":"","overlay-gradient":""}},"ast-content-background-meta":{"desktop":{"background-color":"var(--ast-global-color-5)","background-image":"","background-repeat":"repeat","background-position":"center center","background-size":"auto","background-attachment":"scroll","background-type":"","background-media":"","overlay-type":"","overlay-color":"","overlay-opacity":"","overlay-gradient":""},"tablet":{"background-color":"var(--ast-global-color-5)","background-image":"","background-repeat":"repeat","background-position":"center center","background-size":"auto","background-attachment":"scroll","background-type":"","background-media":"","overlay-type":"","overlay-color":"","overlay-opacity":"","overlay-gradient":""},"mobile":{"background-color":"var(--ast-global-color-5)","background-image":"","background-repeat":"repeat","background-position":"center center","background-size":"auto","background-attachment":"scroll","background-type":"","background-media":"","overlay-type":"","overlay-color":"","overlay-opacity":"","overlay-gradient":""}},"footnotes":""},"class_list":["post-499","page","type-page","status-publish","hentry"],"_links":{"self":[{"href":"https:\/\/www.esterinkirja.fi\/index.php\/wp-json\/wp\/v2\/pages\/499","targetHints":{"allow":["GET"]}}],"collection":[{"href":"https:\/\/www.esterinkirja.fi\/index.php\/wp-json\/wp\/v2\/pages"}],"about":[{"href":"https:\/\/www.esterinkirja.fi\/index.php\/wp-json\/wp\/v2\/types\/page"}],"author":[{"embeddable":true,"href":"https:\/\/www.esterinkirja.fi\/index.php\/wp-json\/wp\/v2\/users\/1"}],"replies":[{"embeddable":true,"href":"https:\/\/www.esterinkirja.fi\/index.php\/wp-json\/wp\/v2\/comments?post=499"}],"version-history":[{"count":3,"href":"https:\/\/www.esterinkirja.fi\/index.php\/wp-json\/wp\/v2\/pages\/499\/revisions"}],"predecessor-version":[{"id":503,"href":"https:\/\/www.esterinkirja.fi\/index.php\/wp-json\/wp\/v2\/pages\/499\/revisions\/503"}],"wp:attachment":[{"href":"https:\/\/www.esterinkirja.fi\/index.php\/wp-json\/wp\/v2\/media?parent=499"}],"curies":[{"name":"wp","href":"https:\/\/api.w.org\/{rel}","templated":true}]}}